{"id":674,"date":"2024-08-26T10:59:50","date_gmt":"2024-08-26T10:59:50","guid":{"rendered":"https:\/\/audentisconsulting.com\/politica-de-privacidad"},"modified":"2025-03-03T09:16:59","modified_gmt":"2025-03-03T09:16:59","slug":"privacy-policy","status":"publish","type":"page","link":"https:\/\/audentisconsulting.com\/en\/privacy-policy","title":{"rendered":"Privacy Policy"},"content":{"rendered":"\n<p><strong>POL\u00cdTICA DE PROTECCI\u00d3N DE DATOS<\/strong><\/p>\n\n\n\n<p>En cumplimiento de lo dispuesto en la Ley 34\/2002, de 11 de julio, de Servicios de la Sociedad de la Informaci\u00f3n y de Comercio Electr\u00f3nico (LSSICE), as\u00ed como en el Reglamento (UE) 2016\/679 del Parlamento Europeo y del Consejo de 27 de abril de 2016 relativo a la protecci\u00f3n de las personas f\u00edsicas en lo que respecta al tratamiento de datos personales y a la libre circulaci\u00f3n de estos datos (en adelante, &#8220;RGPD&#8221;), se informa a los usuarios de lo siguiente:<\/p>\n\n\n\n<p>El acceso y navegaci\u00f3n por nuestro sitio web no requiere, por regla general, la aportaci\u00f3n de datos personales. No obstante, en aquellos casos en que se recojan datos personales (por ejemplo, nombre, direcci\u00f3n o correo electr\u00f3nico), dicha recopilaci\u00f3n se efectuar\u00e1, en la medida de lo posible, de manera voluntaria y con el consentimiento expreso del usuario.<\/p>\n\n\n\n<p>En la presente pol\u00edtica se detallan las circunstancias en las que se recogen datos personales, la identidad del responsable del tratamiento, la base legal que legitima dicha recogida, los fines para los cuales se tratar\u00e1n los datos, las medidas adoptadas para garantizar su seguridad, as\u00ed como los derechos que asisten al interesado.<\/p>\n\n\n\n<p>Cabe destacar que AUDENTIS CONSULTING S.L. no compartir\u00e1, vender\u00e1 ni alquilar\u00e1 la informaci\u00f3n personal del usuario a terceros, salvo que sea necesario para la prestaci\u00f3n de los servicios contratados, en cuyo caso se compartir\u00e1 la informaci\u00f3n con proveedores de servicios externos autorizados que resulten necesarios para la correcta ejecuci\u00f3n de dichos servicios.<\/p>\n\n\n\n<p><strong><u>1. Responsable del Tratamiento de los Datos<\/u><\/strong><\/p>\n\n\n\n<p>El responsable del tratamiento de los datos recabados a trav\u00e9s de este sitio web, as\u00ed como de las aplicaciones y otros medios digitales o impresos en los que se soliciten datos personales, es:<\/p>\n\n\n\n<p><strong>AUDENTIS CONSULTING S.L.<\/strong><br>CIF: B70993357<br>Avda. Castilla, 15<br>46690 L&#8217;Alcudia de Crespins \u2013 Valencia<br>Email:\u00a0 <a href=\"mailto:admin@audentisconsulting.com\">admin@audentisconsulting.com<\/a><br>Web: <a href=\"http:\/\/www.audentisconsulting.com\">www.audentisconsulting.com<\/a><\/p>\n\n\n\n<p><strong><u>2. Finalidades del Tratamiento de Datos<\/u><\/strong><\/p>\n\n\n\n<p>AUDENTIS CONSULTING S.L. utiliza los datos personales del usuario para diversas finalidades, en funci\u00f3n de la relaci\u00f3n establecida con el usuario, tales como la administraci\u00f3n de la relaci\u00f3n contractual, la gesti\u00f3n de la facturaci\u00f3n, la comunicaci\u00f3n eficiente, el env\u00edo de informaci\u00f3n comercial, y la respuesta a consultas o solicitudes de presupuesto.<\/p>\n\n\n\n<p><strong>Sistemas de Captura de Datos, Finalidades, Legitimaci\u00f3n y Plazos de Conservaci\u00f3n:<\/strong><\/p>\n\n\n\n<ul class=\"wp-block-list\">\n<li><strong>Formulario de contacto:<\/strong> Los datos facilitados a trav\u00e9s del formulario de contacto se tratar\u00e1n con la finalidad de responder a las consultas formuladas. La base legal para el tratamiento es el consentimiento del interesado. Los datos se eliminar\u00e1n a los 7 d\u00edas tras la \u00faltima comunicaci\u00f3n, manteni\u00e9ndose \u00fanicamente registros con fines estad\u00edsticos e hist\u00f3ricos.<\/li>\n\n\n\n<li><strong>Registro de usuario:<\/strong> Si el usuario se registra en el sitio web para acceder a \u00e1reas privadas, los datos ser\u00e1n tratados para autenticarle en el sistema y permitirle el acceso. La base legal es el consentimiento expl\u00edcito e informado del usuario. Los datos se eliminar\u00e1n cuando el usuario solicite la baja o se deshabilite su cuenta.<\/li>\n\n\n\n<li><strong>Contrataci\u00f3n de servicios:<\/strong> Los datos proporcionados para la contrataci\u00f3n de servicios ser\u00e1n utilizados para la gesti\u00f3n administrativa, facturaci\u00f3n, atenci\u00f3n al cliente, notificaciones t\u00e9cnicas, y comunicaciones vinculadas a los servicios contratados, as\u00ed como para cumplir con las obligaciones legales. La base legal es la relaci\u00f3n contractual. Los datos se conservar\u00e1n durante el plazo legalmente establecido, que es de 6 a\u00f1os tras la finalizaci\u00f3n de la relaci\u00f3n como cliente.<\/li>\n\n\n\n<li><strong>Suscripci\u00f3n a mailing:<\/strong> Si el usuario se suscribe para recibir informaci\u00f3n comercial, los datos se tratar\u00e1n con la finalidad de enviar informaci\u00f3n sobre novedades, promociones y productos. La base legal es el consentimiento del interesado. El usuario podr\u00e1 darse de baja en cualquier momento mediante el enlace proporcionado en cada comunicaci\u00f3n o enviando un correo a <a href=\"mailto:admin@audentisconsulting.com\">admin@audentisconsulting.com<\/a>.<\/li>\n<\/ul>\n\n\n\n<p><strong><u>3. Cookies y Herramientas de Rastreo<\/u><\/strong><\/p>\n\n\n\n<p>Este sitio web utiliza cookies para mejorar la experiencia del usuario y recopilar informaci\u00f3n sobre las preferencias, caracter\u00edsticas demogr\u00e1ficas y patrones de tr\u00e1fico de los usuarios. El usuario puede consultar en cualquier momento la pol\u00edtica de cookies para obtener informaci\u00f3n adicional sobre el uso de cookies y c\u00f3mo desactivarlas.<\/p>\n\n\n\n<p><strong><u>4. Categor\u00edas de Datos Recopilados<\/u><\/strong><\/p>\n\n\n\n<p>AUDENTIS CONSULTING S.L. recopila y trata las siguientes categor\u00edas de datos de car\u00e1cter identificativo, seg\u00fan la interacci\u00f3n del usuario con nuestros servicios:<\/p>\n\n\n\n<ul class=\"wp-block-list\">\n<li>Nombre<\/li>\n\n\n\n<li>Correo electr\u00f3nico<\/li>\n\n\n\n<li>N\u00famero de tel\u00e9fono<\/li>\n\n\n\n<li>Direcci\u00f3n postal<\/li>\n\n\n\n<li>Detalles de pago (incluyendo direcci\u00f3n de facturaci\u00f3n, DNI\/CIF, detalles bancarios, etc.)<\/li>\n\n\n\n<li>Informaci\u00f3n sobre el navegador o dispositivo utilizado para acceder al sitio web<\/li>\n\n\n\n<li>Direcci\u00f3n IP<\/li>\n<\/ul>\n\n\n\n<p><strong><u>5. Medidas de Seguridad<\/u><\/strong><\/p>\n\n\n\n<p>AUDENTIS CONSULTING S.L. informa que ha implementado las medidas de seguridad t\u00e9cnicas y organizativas necesarias para garantizar la protecci\u00f3n de los datos personales y evitar su alteraci\u00f3n, p\u00e9rdida, tratamiento o acceso no autorizado, conforme a lo previsto en el RGPD. Adem\u00e1s, se han adoptado medidas adicionales para reforzar la confidencialidad e integridad de la informaci\u00f3n, manteniendo una supervisi\u00f3n y control continuos.<\/p>\n\n\n\n<p><strong><u>6. Derechos del Interesado<\/u><\/strong><\/p>\n\n\n\n<p>El usuario tiene derecho a:<\/p>\n\n\n\n<ul class=\"wp-block-list\">\n<li>Acceder a sus datos personales.<\/li>\n\n\n\n<li>Solicitar la rectificaci\u00f3n o supresi\u00f3n de sus datos.<\/li>\n\n\n\n<li>Solicitar la limitaci\u00f3n del tratamiento.<\/li>\n\n\n\n<li>Oponerse al tratamiento.<\/li>\n\n\n\n<li>Solicitar la portabilidad de sus datos.<\/li>\n\n\n\n<li>Retirar el consentimiento otorgado en cualquier momento.<\/li>\n<\/ul>\n\n\n\n<p>Estos derechos podr\u00e1n ejercerse contactando a AUDENTIS CONSULTING S.L. a trav\u00e9s de <a href=\"mailto:admin@audentisconsulting.com\">admin@audentisconsulting.com<\/a> o mediante solicitud escrita dirigida al Dpto. de Protecci\u00f3n de Datos, indicando claramente el derecho que desea ejercer, junto con una copia de su DNI o documento que acredite su identidad.<\/p>\n\n\n\n<p><strong><u>7. Comunicaci\u00f3n de Datos<\/u><\/strong><\/p>\n\n\n\n<p>AUDENTIS CONSULTING S.L. podr\u00e1 comunicar los datos personales del usuario a las Administraciones P\u00fablicas y a otros \u00f3rganos competentes cuando sea necesario para cumplir con las obligaciones legales. Asimismo, terceras compa\u00f1\u00edas que colaboran con AUDENTIS CONSULTING S.L. podr\u00e1n tener acceso a los datos del usuario con la \u00fanica finalidad de prestar los servicios contratados, bajo las condiciones de privacidad establecidas y conforme a los contratos de tratamiento de datos suscritos.<\/p>\n\n\n\n<p><strong><u>8. Terceros con Acceso a Datos<\/u><\/strong><\/p>\n\n\n\n<p>AUDENTIS CONSULTING S.L. colabora con varios proveedores de servicios que, en el marco de la prestaci\u00f3n de sus servicios, pueden tener acceso a los datos personales del usuario. Estos proveedores incluyen, entre otros:<\/p>\n\n\n\n<ul class=\"wp-block-list\">\n<li><strong>Proveedor de alojamiento web:<\/strong> Encargado de gestionar el alojamiento del sitio web y las cuentas de correo electr\u00f3nico.<\/li>\n\n\n\n<li><strong>Asesor\u00eda:<\/strong> Responsable de la gesti\u00f3n contable, facturaci\u00f3n y obligaciones fiscales.<\/li>\n\n\n\n<li><strong>Herramientas de an\u00e1lisis web y marketing:<\/strong> Como Google Analytics, que utiliza cookies para recopilar informaci\u00f3n sobre el uso del sitio web.<\/li>\n<\/ul>\n\n\n\n<p>AUDENTIS CONSULTING S.L. ha formalizado contratos de tratamiento de datos con todos estos proveedores, conforme a lo exigido por el RGPD, garantizando que act\u00faan bajo nuestras instrucciones y con las medidas de seguridad adecuadas.<\/p>\n\n\n\n<p><strong><u>9. Garant\u00edas<\/u><\/strong><\/p>\n\n\n\n<p>AUDENTIS CONSULTING S.L. se compromete a:<\/p>\n\n\n\n<ol start=\"1\" class=\"wp-block-list\">\n<li>No ceder los datos personales del usuario a terceros, fuera de los casos previstos en la presente pol\u00edtica y conforme a las obligaciones legales aplicables.<\/li>\n\n\n\n<li>Utilizar los datos personales \u00fanicamente para las finalidades indicadas.<\/li>\n\n\n\n<li>Eliminar los datos personales del usuario cuando se extinga la relaci\u00f3n contractual, salvo que exista una obligaci\u00f3n legal de conservaci\u00f3n.<\/li>\n<\/ol>\n\n\n\n<p>En caso de que sea necesaria una cesi\u00f3n de datos no contemplada en esta pol\u00edtica, AUDENTIS CONSULTING S.L. informar\u00e1 previamente al usuario y solicitar\u00e1 su consentimiento expreso.<\/p>\n\n\n\n<p><strong><u>10. Aceptaci\u00f3n, Consentimiento y Revocabilidad<\/u><\/strong><\/p>\n\n\n\n<p>El usuario, tras haber sido informado de las condiciones sobre protecci\u00f3n de datos de car\u00e1cter personal, acepta y consiente el tratamiento de sus datos por parte de AUDENTIS CONSULTING S.L. para las finalidades indicadas. El consentimiento podr\u00e1 ser revocado en cualquier momento, sin car\u00e1cter retroactivo.<\/p>\n\n\n\n<p><strong><u>11. Modificaciones a la Pol\u00edtica de Privacidad<\/u><\/strong><\/p>\n\n\n\n<p>AUDENTIS CONSULTING S.L. se reserva el derecho de modificar la presente pol\u00edtica de privacidad para adaptarla a cambios legislativos o jurisprudenciales, as\u00ed como a pr\u00e1cticas de la industria. En dichos supuestos, las modificaciones ser\u00e1n anunciadas en esta p\u00e1gina con antelaci\u00f3n razonable antes de su implementaci\u00f3n.<\/p>\n\n\n","protected":false},"excerpt":{"rendered":"<p>POL\u00cdTICA DE PROTECCI\u00d3N DE DATOS En cumplimiento de lo dispuesto en la Ley 34\/2002, de 11 de julio, de Servicios de la Sociedad de la Informaci\u00f3n y de Comercio Electr\u00f3nico (LSSICE), as\u00ed como en el Reglamento (UE) 2016\/679 del Parlamento Europeo y del Consejo de 27 de abril de 2016 relativo a la protecci\u00f3n de [&#8230;]\n","protected":false},"author":1,"featured_media":0,"parent":0,"menu_order":0,"comment_status":"closed","ping_status":"closed","template":"page-blank-title-center.php","meta":{"footnotes":""},"class_list":["post-674","page","type-page","status-publish","hentry"],"_links":{"self":[{"href":"https:\/\/audentisconsulting.com\/en\/wp-json\/wp\/v2\/pages\/674","targetHints":{"allow":["GET"]}}],"collection":[{"href":"https:\/\/audentisconsulting.com\/en\/wp-json\/wp\/v2\/pages"}],"about":[{"href":"https:\/\/audentisconsulting.com\/en\/wp-json\/wp\/v2\/types\/page"}],"author":[{"embeddable":true,"href":"https:\/\/audentisconsulting.com\/en\/wp-json\/wp\/v2\/users\/1"}],"replies":[{"embeddable":true,"href":"https:\/\/audentisconsulting.com\/en\/wp-json\/wp\/v2\/comments?post=674"}],"version-history":[{"count":2,"href":"https:\/\/audentisconsulting.com\/en\/wp-json\/wp\/v2\/pages\/674\/revisions"}],"predecessor-version":[{"id":866,"href":"https:\/\/audentisconsulting.com\/en\/wp-json\/wp\/v2\/pages\/674\/revisions\/866"}],"wp:attachment":[{"href":"https:\/\/audentisconsulting.com\/en\/wp-json\/wp\/v2\/media?parent=674"}],"curies":[{"name":"wp","href":"https:\/\/api.w.org\/{rel}","templated":true}]}}